{"id":1510,"date":"2025-03-09T09:59:28","date_gmt":"2025-03-09T09:59:28","guid":{"rendered":"https:\/\/forecicc.com\/?page_id=1510"},"modified":"2025-03-09T11:44:04","modified_gmt":"2025-03-09T11:44:04","slug":"faq","status":"publish","type":"page","link":"https:\/\/forecicc.com\/en\/faq\/","title":{"rendered":"FAQs"},"content":{"rendered":"<div data-elementor-type=\"wp-page\" data-elementor-id=\"1510\" class=\"elementor elementor-1510\">\n\t\t\t\t<div class=\"elementor-element elementor-element-d9fd7b2 e-flex e-con-boxed e-con e-parent\" data-id=\"d9fd7b2\" data-element_type=\"container\" data-e-type=\"container\" data-settings=\"{&quot;background_background&quot;:&quot;classic&quot;}\">\n\t\t\t\t\t<div class=\"e-con-inner\">\n\t\t\t\t<div class=\"elementor-element elementor-element-d415597 elementor-widget__width-inherit elementor-widget elementor-widget-text-editor\" data-id=\"d415597\" data-element_type=\"widget\" data-e-type=\"widget\" data-widget_type=\"text-editor.default\">\n\t\t\t\t<div class=\"elementor-widget-container\">\n\t\t\t\t\t\t\t\t\t<p><style type=\"text\/css\"><span style=\"display: inline-block; width: 0px; overflow: hidden; line-height: 0;\" data-mce-type=\"bookmark\" class=\"mce_SELRES_start\">\ufeff<\/span> ol > li::marker {font-weight: bold;font-size:150%;} h1 { font-family:Arial, sans-serif; font-style: normal; font-weight: bold; text-decoration: none;  font-size:150%;} <\/style><\/p><h1 style=\"padding-top: 3pt; text-indent: 0pt; text-align: center;\">2025 CAMEROON-CANADA INTERNATIONAL ECONOMIC FORUM<\/h1><h1 style=\"padding-top: 10pt; text-indent: 0pt; text-align: center;\">Frequently Asked Questions<\/h1><ol id=\"l1\"><li data-list-text=\"1.\"><h1 style=\"padding-top: 10pt; padding-left: 23pt; text-align: justify;\">What do the registration fees of FCFA 4 215 000 cover?<\/h1><p><span class=\"p\">The registration fee covers everything: visas, air tickets, accommodation, meals, transport in the\n3 cities, participation in the workshops, VIP gala and networking cocktails and tourist outings.<\/span><\/p><\/li><li data-list-text=\"2.\"><h1 style=\"padding-top: 7pt; padding-left: 23pt; text-align: justify;\">What do the stand fees of FCFA 450,000 cover?<\/h1><p style=\"text-indent: 0pt; text-align: justify;\">The stand fees cover the following: the provision of the stand, service (1 volunteer will be\nassigned to each stand) and sales (payments will be made using a credit card reader and each\nSME will receive its fee per city).<\/p><p style=\"text-indent: 0pt; text-align: left;\">\u00a0<\/p><\/li><li data-list-text=\"3.\"><h1 style=\"padding-top: 7pt; padding-left: 23pt; text-align: justify;\">How long will the event last and in which Canadian cities?<\/h1><p style=\"text-indent: 0pt; text-align: justify;\">The Forum takes place from 9-17 June 2025, in Montreal, Ottawa and Toronto.<\/p><p style=\"text-indent: 0pt; text-align: left;\">\u00a0<\/p><\/li><li data-list-text=\"4.\"><h1 style=\"padding-top: 6pt; padding-left: 23pt; line-height: 14pt; text-align: justify;\">What about issuing visas?<\/h1><p style=\"text-indent: 0pt; text-align: justify;\">We are working closely with the Canadian High Commission in Cameroon and the Cameroonian\nHigh Commission in Canada. We have provided them with all the guarantees needed to\ndemonstrate the seriousness of the project.<\/p><p style=\"text-indent: 0pt; text-align: left;\">\u00a0<\/p><\/li><li data-list-text=\"5.\"><h1 style=\"padding-top: 5pt; padding-left: 23pt; text-align: justify;\">What happens if the visa is refused?<\/h1><p style=\"padding-top: 1pt; text-indent: 0pt; text-align: justify;\">If the visa is refused, we will refund 95% of the fees paid (5% are transaction fees).<\/p><p style=\"text-indent: 0pt; text-align: left;\">\u00a0<\/p><\/li><li data-list-text=\"6.\"><h1 style=\"padding-top: 7pt; padding-left: 23pt; text-align: justify;\">How do you determine who is a real entrepreneur and who is not?<\/h1><p style=\"text-indent: 0pt; text-align: justify;\">We will scrupulously ensure, with the support of government departments and the various\nbusiness groups and networks, that only genuine entrepreneurs are selected. We will denounce\nall adventurers to the Canadian immigration services, even if these false entrepreneurs have\nmanaged to obtain visas.<\/p><p style=\"text-indent: 0pt; text-align: left;\">\u00a0<\/p><\/li><li data-list-text=\"7.\"><h1 style=\"padding-top: 5pt; padding-left: 23pt; line-height: 14pt; text-align: justify;\">What are the stages in the procedure?<\/h1><ol id=\"l2\" type=\"A\"><li data-list-text=\"a.\"><p style=\"line-height: 14pt; text-align: justify;\">Register online at<br \/><a href=\"https:\/\/forecicc.com\/en\/\" target=\"_blank\" rel=\"noopener\">www.forecicc.com<\/a><\/p><\/li><li data-list-text=\"b.\"><p class=\"s3\" style=\"text-align: justify;\">Submit your application (proof of existence of the SME; product images) to your\nentrepreneurial group or via our email address<a href=\"mailto:forecicc@gmail.com\" target=\"_blank\" rel=\"noopener\">forecicc@gmail.com<\/a>)<\/p><\/li><li data-list-text=\"c.\"><p style=\"padding-top: 1pt; text-align: justify;\">Pay the first instalment (the account is indicated in the registration policy)<\/p><\/li><li data-list-text=\"d.\"><p style=\"text-align: justify;\">The selected SMEs will immediately begin the travel preparation workshops through\nvirtual meetings.<\/p><\/li><\/ol><\/li><li data-list-text=\"8.\"><h1 style=\"padding-top: 13pt; padding-left: 23pt; text-align: justify;\">What is the deadline for payment of fees?<\/h1><p class=\"s3\" style=\"padding-top: 5pt; text-indent: 0pt; text-align: justify;\">Please encourage the members of your group to register online first via the<br \/><a href=\"https:\/\/forecicc.com\/en\/\" target=\"_blank\" rel=\"noopener\">www.forecicc.com<\/a><br \/>website and then pay the fees (at least the first instalment) <strong>by 20 March at the latest<\/strong>Places\nare limited, so let's hope that real SMEs take advantage of this unique opportunity without\ngetting sidetracked. Thank you for your commitment to promoting Cameroon's SMEs!<\/p><\/li><li data-list-text=\"9.\"><h1 style=\"padding-top: 3pt; padding-left: 23pt; text-align: left;\">Who handles the visa application procedure?<\/h1><p style=\"padding-top: 5pt; text-indent: 0pt; text-align: left;\">Our local partners will take care of the visa application procedure, at no extra cost to registered\ndelegates.<\/p><p style=\"padding-top: 3pt; text-indent: 0pt; text-align: left;\">\u00a0<\/p><\/li><li data-list-text=\"10.\"><h1 style=\"padding-left: 23pt; text-align: left;\">Where do I pay for my registration fee?<\/h1><p style=\"padding-top: 5pt; text-indent: 0pt; text-align: left;\">These are the possible methods of payment:<\/p><ol id=\"l3\" type=\"A\"><li data-list-text=\"a.\"><p style=\"padding-left: 27pt; text-indent: -17pt; text-align: left;\">Make an international bank transfer to the following account:<\/p><table style=\"border-collapse: collapse; margin-left: 19.55pt;\" cellspacing=\"0\"><tbody><tr style=\"height: 30pt;\"><td style=\"width: 57pt; border-width: 1pt; border-style: solid;\"><p style=\"padding-left: 6pt; padding-right: 5pt; text-indent: 7pt; text-align: left;\">Institution\nNumber<\/p><\/td><td style=\"width: 57pt; border-width: 1pt; border-style: solid;\"><p class=\"s4\" style=\"padding-left: 8pt; padding-right: 4pt; text-indent: -3pt; text-align: left;\">Transit\nNumber<\/p><\/td><td style=\"width: 63pt; border-width: 1pt; border-style: solid;\"><p class=\"s5\" style=\"padding-left: 9pt; text-indent: 0pt; line-height: 14pt; text-align: left;\">Account\nNumber<\/p><p class=\"s5\" style=\"padding-left: 9pt; text-indent: 0pt; line-height: 14pt; text-align: left;\">Compte<\/p><\/td><td style=\"width: 78pt; border-width: 1pt; border-style: solid;\"><p class=\"s4\" style=\"padding-left: 20pt; padding-right: 19pt; text-indent: 3pt; text-align: left;\">SWIFT\nCode<\/p><\/td><td style=\"width: 227pt; border-width: 1pt; border-style: solid;\"><p class=\"s4\" style=\"padding-left: 25pt; text-indent: 0pt; text-align: left;\">Business\nName and address<\/p><\/td><\/tr><tr style=\"height: 44pt;\"><td style=\"width: 57pt; border-width: 1pt; border-style: solid;\"><p class=\"s6\" style=\"padding-left: 17pt; text-indent: 0pt; line-height: 14pt; text-align: left;\">003<\/p><\/td><td style=\"width: 57pt; border-width: 1pt; border-style: solid;\"><p class=\"s6\" style=\"padding-left: 13pt; text-indent: 0pt; line-height: 14pt; text-align: left;\">01517<\/p><\/td><td style=\"width: 63pt; border-width: 1pt; border-style: solid;\"><p class=\"s6\" style=\"padding-left: 9pt; text-indent: 0pt; line-height: 14pt; text-align: left;\">1008911<\/p><\/td><td style=\"width: 78pt; border-width: 1pt; border-style: solid;\"><p class=\"s6\" style=\"padding-left: 5pt; text-indent: 0pt; line-height: 14pt; text-align: left;\">ROYCCAT2<\/p><\/td><td style=\"width: 227pt; border-width: 1pt; border-style: solid;\"><p class=\"s6\" style=\"padding-left: 7pt; padding-right: 7pt; text-indent: 0pt; line-height: 14pt; text-align: center;\">ACXED Consulting, Inc.<\/p><p class=\"s7\" style=\"padding-left: 7pt; padding-right: 7pt; text-indent: 0pt; line-height: 15pt; text-align: center;\">Address<br \/><span class=\"s6\">817, Mikinak RD\nOttawa ON K1K 4Z9 Canada<\/span><\/p><\/td><\/tr><\/tbody><\/table><table border=\"0\" cellspacing=\"0\" cellpadding=\"0\"><tbody><tr><td>\u00a0<\/td><\/tr><tr><td>\u00a0<\/td><\/tr><tr><td>\u00a0<\/td><\/tr><tr><td>\u00a0<\/td><\/tr><\/tbody><\/table><p class=\"s8\" style=\"padding-left: 19pt; text-indent: 0pt; text-align: left;\">Or from Canada, make an<br \/><b>Interac transfer <\/b><br \/>using<br \/><a class=\"s9\" href=\"mailto:forecicc@gmail.com\" target=\"_blank\" rel=\"noopener\">forecicc@gmail.com<\/a><\/p><p style=\"padding-top: 5pt; text-indent: 0pt; text-align: left;\">\u00a0<\/p><\/li><li data-list-text=\"b.\"><p style=\"padding-left: 27pt; text-indent: -17pt; text-align: left;\">Or make a deposit or payment in Cameroon to the following account:<\/p><table style=\"border-collapse: collapse; margin-left: 21.2875pt;\" cellspacing=\"0\"><tbody><tr style=\"height: 30pt;\"><td style=\"width: 79pt; border-width: 1pt; border-style: solid;\"><p class=\"s4\" style=\"padding-left: 18pt; text-indent: 6pt; text-align: left;\">Bank\nCode<\/p><\/td><td style=\"width: 73pt; border-width: 1pt; border-style: solid;\"><p class=\"s4\" style=\"padding-left: 14pt; padding-right: 13pt; text-indent: 7pt; text-align: left;\">Desk\nCode<\/p><\/td><td style=\"width: 85pt; border-width: 1pt; border-style: solid;\"><p class=\"s5\" style=\"text-indent: 0pt; line-height: 14pt; text-align: center;\">Account\nNumber<\/p><p class=\"s5\" style=\"text-indent: 0pt; line-height: 14pt; text-align: center;\">Compte<\/p><\/td><td style=\"width: 35pt; border-width: 1pt; border-style: solid;\"><p class=\"s5\" style=\"text-indent: 0pt; line-height: 14pt; text-align: center;\">Cl\u00e9<\/p><\/td><td style=\"width: 97pt; border-width: 1pt; border-style: solid;\"><p class=\"s4\" style=\"padding-left: 13pt; text-indent: 0pt; text-align: left;\">SWIFT\nCode<\/p><\/td><td style=\"width: 108pt; border-width: 1pt; border-style: solid;\"><p class=\"s4\" style=\"padding-left: 32pt; text-indent: -9pt; text-align: left;\">Name on the\nAccount<\/p><\/td><\/tr><tr style=\"height: 42pt;\"><td style=\"width: 79pt; border-width: 1pt; border-style: solid;\"><p class=\"s10\" style=\"padding-left: 22pt; text-indent: 0pt; text-align: left;\">10002<\/p><\/td><td style=\"width: 73pt; border-width: 1pt; border-style: solid;\"><p class=\"s11\" style=\"padding-left: 20pt; text-indent: 0pt; line-height: 14pt; text-align: left;\">00031<\/p><\/td><td style=\"width: 85pt; border-width: 1pt; border-style: solid;\"><p class=\"s10\" style=\"padding-left: 5pt; text-indent: 0pt; text-align: left;\">13283013000<\/p><\/td><td style=\"width: 35pt; border-width: 1pt; border-style: solid;\"><p class=\"s11\" style=\"text-indent: 0pt; line-height: 14pt; text-align: center;\">06<\/p><\/td><td style=\"width: 97pt; border-width: 1pt; border-style: solid;\"><p class=\"s10\" style=\"padding-left: 13pt; padding-right: 6pt; text-indent: -6pt; text-align: left;\">CRLYCMCXXX CAMEROUN<\/p><\/td><td style=\"width: 108pt; border-width: 1pt; border-style: solid;\"><p class=\"s10\" style=\"padding-left: 27pt; padding-right: 26pt; text-indent: 3pt; text-align: left;\">DIFOUM NKONGO<\/p><p class=\"s10\" style=\"padding-left: 27pt; text-indent: 0pt; line-height: 13pt; text-align: left;\">Catherine<\/p><\/td><\/tr><\/tbody><\/table><p class=\"s12\" style=\"padding-left: 27pt; text-indent: 0pt; text-align: left;\">IBAN: CM21 1000 2000 3113 2830 1300 006 \u2013 SCB Cameroun Yaounde<\/p><p style=\"text-indent: 0pt; text-align: left;\">\u00a0<\/p><\/li><\/ol><\/li><li data-list-text=\"11.\"><h1 style=\"padding-left: 23pt; text-align: left;\">Who can I contact for further information?<\/h1><p class=\"s14\" style=\"padding-top: 5pt; text-align: left;\">If there is any misunderstanding or you need further information, please visit our website <br \/><a style=\"font-family: Arial, sans-serif; font-style: normal; font-weight: normal; text-decoration: none; font-size: 12pt;\" href=\"https:\/\/forecicc.com\/en\/\" target=\"_blank\" rel=\"noopener\">www.forecicc.com<\/a><br \/>or call\/text one of the numbers listed below or send a message to<br \/><a class=\"s15\" href=\"mailto:forecicc@gmail.com\" target=\"_blank\" rel=\"noopener\">forecicc@gmail.com<\/a><\/p><\/li><\/ol>\t\t\t\t\t\t\t\t<\/div>\n\t\t\t\t<\/div>\n\t\t\t\t\t<\/div>\n\t\t\t\t<\/div>\n\t\t\t\t<\/div>","protected":false},"excerpt":{"rendered":"<p>FORUM \u00c9CONOMIQUE INTERNATIONAL CAMEROUN-CANADA 2025 Questions Fr\u00e9quemment Pos\u00e9es Que couvrent les frais d\u2019inscription d\u2019un montant de 4 215 000 FCFA? Les frais d\u2019inscription couvrent tout : visas, billet d\u2019avion, h\u00e9bergement, restauration, transport dans les 3 villes, la participation aux ateliers, gala VIP et cocktails de r\u00e9seautage et sortie touristique. Que couvrent les frais de stand [&hellip;]<\/p>","protected":false},"author":1,"featured_media":0,"parent":0,"menu_order":0,"comment_status":"closed","ping_status":"closed","template":"","meta":{"_uag_custom_page_level_css":"","footnotes":""},"class_list":["post-1510","page","type-page","status-publish","hentry"],"aioseo_notices":[],"yoast_head":"<!-- This site is optimized with the Yoast SEO plugin v24.3 - https:\/\/yoast.com\/wordpress\/plugins\/seo\/ -->\n<title>FAQs - FORECICC<\/title>\n<meta name=\"description\" content=\"Frequently Asked Questions\" \/>\n<meta name=\"robots\" content=\"index, follow, max-snippet:-1, max-image-preview:large, max-video-preview:-1\" \/>\n<link rel=\"canonical\" href=\"https:\/\/forecicc.com\/en\/faq\/\" \/>\n<meta property=\"og:locale\" content=\"en_US\" \/>\n<meta property=\"og:type\" content=\"article\" \/>\n<meta property=\"og:title\" content=\"FAQs - FORECICC\" \/>\n<meta property=\"og:description\" content=\"Frequently Asked Questions\" \/>\n<meta property=\"og:url\" content=\"https:\/\/forecicc.com\/en\/faq\/\" \/>\n<meta property=\"og:site_name\" content=\"FORECICC\" \/>\n<meta property=\"article:modified_time\" content=\"2025-03-09T11:44:04+00:00\" \/>\n<meta name=\"twitter:card\" content=\"summary_large_image\" \/>\n<meta name=\"twitter:label1\" content=\"Est. reading time\" \/>\n\t<meta name=\"twitter:data1\" content=\"3 minutes\" \/>\n<script type=\"application\/ld+json\" class=\"yoast-schema-graph\">{\"@context\":\"https:\/\/schema.org\",\"@graph\":[{\"@type\":\"WebPage\",\"@id\":\"https:\/\/forecicc.com\/faq\/\",\"url\":\"https:\/\/forecicc.com\/faq\/\",\"name\":\"FAQs - FORECICC\",\"isPartOf\":{\"@id\":\"https:\/\/forecicc.com\/#website\"},\"datePublished\":\"2025-03-09T09:59:28+00:00\",\"dateModified\":\"2025-03-09T11:44:04+00:00\",\"description\":\"Frequently Asked Questions\",\"breadcrumb\":{\"@id\":\"https:\/\/forecicc.com\/faq\/#breadcrumb\"},\"inLanguage\":\"en-US\",\"potentialAction\":[{\"@type\":\"ReadAction\",\"target\":[\"https:\/\/forecicc.com\/faq\/\"]}]},{\"@type\":\"BreadcrumbList\",\"@id\":\"https:\/\/forecicc.com\/faq\/#breadcrumb\",\"itemListElement\":[{\"@type\":\"ListItem\",\"position\":1,\"name\":\"Home\",\"item\":\"https:\/\/forecicc.com\/\"},{\"@type\":\"ListItem\",\"position\":2,\"name\":\"FAQs\"}]},{\"@type\":\"WebSite\",\"@id\":\"https:\/\/forecicc.com\/#website\",\"url\":\"https:\/\/forecicc.com\/\",\"name\":\"FORECICC\",\"description\":\"FORUM \u00c9CONOMIQUE INTERNATIONAL CAMEROUN-CANADA\",\"publisher\":{\"@id\":\"https:\/\/forecicc.com\/#organization\"},\"potentialAction\":[{\"@type\":\"SearchAction\",\"target\":{\"@type\":\"EntryPoint\",\"urlTemplate\":\"https:\/\/forecicc.com\/?s={search_term_string}\"},\"query-input\":{\"@type\":\"PropertyValueSpecification\",\"valueRequired\":true,\"valueName\":\"search_term_string\"}}],\"inLanguage\":\"en-US\"},{\"@type\":\"Organization\",\"@id\":\"https:\/\/forecicc.com\/#organization\",\"name\":\"FORECICC\",\"url\":\"https:\/\/forecicc.com\/\",\"logo\":{\"@type\":\"ImageObject\",\"inLanguage\":\"en-US\",\"@id\":\"https:\/\/forecicc.com\/#\/schema\/logo\/image\/\",\"url\":\"https:\/\/forecicc.com\/wp-content\/uploads\/2024\/12\/cropped-1_LOGO_FORUM_BLACK_FR-Sans-fond-Croped.png\",\"contentUrl\":\"https:\/\/forecicc.com\/wp-content\/uploads\/2024\/12\/cropped-1_LOGO_FORUM_BLACK_FR-Sans-fond-Croped.png\",\"width\":301,\"height\":314,\"caption\":\"FORECICC\"},\"image\":{\"@id\":\"https:\/\/forecicc.com\/#\/schema\/logo\/image\/\"}}]}<\/script>\n<!-- \/ Yoast SEO plugin. -->","yoast_head_json":{"title":"FAQs - FORECICC","description":"Frequently Asked Questions","robots":{"index":"index","follow":"follow","max-snippet":"max-snippet:-1","max-image-preview":"max-image-preview:large","max-video-preview":"max-video-preview:-1"},"canonical":"https:\/\/forecicc.com\/en\/faq\/","og_locale":"en_US","og_type":"article","og_title":"FAQs - FORECICC","og_description":"Frequently Asked Questions","og_url":"https:\/\/forecicc.com\/en\/faq\/","og_site_name":"FORECICC","article_modified_time":"2025-03-09T11:44:04+00:00","twitter_card":"summary_large_image","twitter_misc":{"Est. reading time":"3 minutes"},"schema":{"@context":"https:\/\/schema.org","@graph":[{"@type":"WebPage","@id":"https:\/\/forecicc.com\/faq\/","url":"https:\/\/forecicc.com\/faq\/","name":"FAQs - FORECICC","isPartOf":{"@id":"https:\/\/forecicc.com\/#website"},"datePublished":"2025-03-09T09:59:28+00:00","dateModified":"2025-03-09T11:44:04+00:00","description":"Frequently Asked Questions","breadcrumb":{"@id":"https:\/\/forecicc.com\/faq\/#breadcrumb"},"inLanguage":"en-US","potentialAction":[{"@type":"ReadAction","target":["https:\/\/forecicc.com\/faq\/"]}]},{"@type":"BreadcrumbList","@id":"https:\/\/forecicc.com\/faq\/#breadcrumb","itemListElement":[{"@type":"ListItem","position":1,"name":"Home","item":"https:\/\/forecicc.com\/"},{"@type":"ListItem","position":2,"name":"FAQs"}]},{"@type":"WebSite","@id":"https:\/\/forecicc.com\/#website","url":"https:\/\/forecicc.com\/","name":"FORECICC","description":"INTERNATIONAL ECONOMIC FORUM CAMEROON-CANADA","publisher":{"@id":"https:\/\/forecicc.com\/#organization"},"potentialAction":[{"@type":"SearchAction","target":{"@type":"EntryPoint","urlTemplate":"https:\/\/forecicc.com\/?s={search_term_string}"},"query-input":{"@type":"PropertyValueSpecification","valueRequired":true,"valueName":"search_term_string"}}],"inLanguage":"en-US"},{"@type":"Organization","@id":"https:\/\/forecicc.com\/#organization","name":"FORECICC","url":"https:\/\/forecicc.com\/","logo":{"@type":"ImageObject","inLanguage":"en-US","@id":"https:\/\/forecicc.com\/#\/schema\/logo\/image\/","url":"https:\/\/forecicc.com\/wp-content\/uploads\/2024\/12\/cropped-1_LOGO_FORUM_BLACK_FR-Sans-fond-Croped.png","contentUrl":"https:\/\/forecicc.com\/wp-content\/uploads\/2024\/12\/cropped-1_LOGO_FORUM_BLACK_FR-Sans-fond-Croped.png","width":301,"height":314,"caption":"FORECICC"},"image":{"@id":"https:\/\/forecicc.com\/#\/schema\/logo\/image\/"}}]}},"uagb_featured_image_src":{"full":false,"thumbnail":false,"medium":false,"medium_large":false,"large":false,"1536x1536":false,"2048x2048":false,"trp-custom-language-flag":false,"depicter-thumbnail":false},"uagb_author_info":{"display_name":"katenkongo@gmail.com","author_link":"https:\/\/forecicc.com\/en\/author\/katenkongogmail-com\/"},"uagb_comment_info":0,"uagb_excerpt":"FORUM \u00c9CONOMIQUE INTERNATIONAL CAMEROUN-CANADA 2025 Questions Fr\u00e9quemment Pos\u00e9es Que couvrent les frais d\u2019inscription d\u2019un montant de 4 215 000 FCFA? Les frais d\u2019inscription couvrent tout : visas, billet d\u2019avion, h\u00e9bergement, restauration, transport dans les 3 villes, la participation aux ateliers, gala VIP et cocktails de r\u00e9seautage et sortie touristique. Que couvrent les frais de stand&hellip;","_links":{"self":[{"href":"https:\/\/forecicc.com\/en\/wp-json\/wp\/v2\/pages\/1510","targetHints":{"allow":["GET"]}}],"collection":[{"href":"https:\/\/forecicc.com\/en\/wp-json\/wp\/v2\/pages"}],"about":[{"href":"https:\/\/forecicc.com\/en\/wp-json\/wp\/v2\/types\/page"}],"author":[{"embeddable":true,"href":"https:\/\/forecicc.com\/en\/wp-json\/wp\/v2\/users\/1"}],"replies":[{"embeddable":true,"href":"https:\/\/forecicc.com\/en\/wp-json\/wp\/v2\/comments?post=1510"}],"version-history":[{"count":28,"href":"https:\/\/forecicc.com\/en\/wp-json\/wp\/v2\/pages\/1510\/revisions"}],"predecessor-version":[{"id":1546,"href":"https:\/\/forecicc.com\/en\/wp-json\/wp\/v2\/pages\/1510\/revisions\/1546"}],"wp:attachment":[{"href":"https:\/\/forecicc.com\/en\/wp-json\/wp\/v2\/media?parent=1510"}],"curies":[{"name":"wp","href":"https:\/\/api.w.org\/{rel}","templated":true}]}}