{"id":1632,"date":"2025-12-02T00:54:09","date_gmt":"2025-12-02T00:54:09","guid":{"rendered":"https:\/\/forecicc.com\/?page_id=1632"},"modified":"2025-12-02T01:17:52","modified_gmt":"2025-12-02T01:17:52","slug":"archives","status":"publish","type":"page","link":"https:\/\/forecicc.com\/en\/archives\/","title":{"rendered":"Archives"},"content":{"rendered":"<div data-elementor-type=\"wp-page\" data-elementor-id=\"1632\" class=\"elementor elementor-1632\">\n\t\t\t\t<div class=\"elementor-element elementor-element-14d80c8e e-flex e-con-boxed e-con e-parent\" data-id=\"14d80c8e\" data-element_type=\"container\" data-e-type=\"container\">\n\t\t\t\t\t<div class=\"e-con-inner\">\n\t\t<div class=\"elementor-element elementor-element-7f6748a e-con-full e-flex e-con e-child\" data-id=\"7f6748a\" data-element_type=\"container\" data-e-type=\"container\">\n\t\t<div class=\"elementor-element elementor-element-974d1bd e-con-full e-flex e-con e-child\" data-id=\"974d1bd\" data-element_type=\"container\" data-e-type=\"container\">\n\t\t<div class=\"elementor-element elementor-element-92061eb e-con-full e-flex e-con e-child\" data-id=\"92061eb\" data-element_type=\"container\" data-e-type=\"container\">\n\t\t\t\t<div class=\"elementor-element elementor-element-b8e65d9 elementor-widget__width-initial elementor-widget elementor-widget-heading\" data-id=\"b8e65d9\" data-element_type=\"widget\" data-e-type=\"widget\" data-widget_type=\"heading.default\">\n\t\t\t\t<div class=\"elementor-widget-container\">\n\t\t\t\t\t<div class=\"elementor-heading-title elementor-size-default\">ARCHIVES<\/div>\t\t\t\t<\/div>\n\t\t\t\t<\/div>\n\t\t\t\t<\/div>\n\t\t\t\t<\/div>\n\t\t\t\t<\/div>\n\t\t<div class=\"elementor-element elementor-element-1570935 e-con-full e-flex e-con e-child\" data-id=\"1570935\" data-element_type=\"container\" data-e-type=\"container\">\n\t\t<div class=\"elementor-element elementor-element-24a5b10 e-con-full e-flex e-con e-child\" data-id=\"24a5b10\" data-element_type=\"container\" data-e-type=\"container\">\n\t\t\t\t<div class=\"elementor-element elementor-element-f9464cb elementor-widget elementor-widget-heading\" data-id=\"f9464cb\" data-element_type=\"widget\" data-e-type=\"widget\" data-widget_type=\"heading.default\">\n\t\t\t\t<div class=\"elementor-widget-container\">\n\t\t\t\t\t<h2 class=\"elementor-heading-title elementor-size-default\">RAPPORT FINAL FORECICC 2025<\/h2>\t\t\t\t<\/div>\n\t\t\t\t<\/div>\n\t\t\t\t<\/div>\n\t\t<div class=\"elementor-element elementor-element-549ced0 e-con-full e-flex e-con e-child\" data-id=\"549ced0\" data-element_type=\"container\" data-e-type=\"container\">\n\t\t<div class=\"elementor-element elementor-element-64540a0 e-con-full e-flex e-con e-child\" data-id=\"64540a0\" data-element_type=\"container\" data-e-type=\"container\" data-settings=\"{&quot;background_background&quot;:&quot;classic&quot;}\">\n\t\t\t\t<div class=\"elementor-element elementor-element-0b51c11 elementor-widget elementor-widget-text-editor\" data-id=\"0b51c11\" data-element_type=\"widget\" data-e-type=\"widget\" data-widget_type=\"text-editor.default\">\n\t\t\t\t<div class=\"elementor-widget-container\">\n\t\t\t\t\t\t\t\t\t<p>Le Forum \u00e9conomique international Cameroun-Canada 2025, tenu du 9 au 17 juin \u00e0 Montr\u00e9al, Ottawa et Toronto, a rassembl\u00e9 environ 300 participants issus des milieux institutionnels, \u00e9conomiques, acad\u00e9miques et associatifs des deux pays.<\/p><p>Plac\u00e9 sous le th\u00e8me \u00ab Synergies \u00e9conomiques et opportunit\u00e9s d\u2019investissement entre le Cameroun et le Canada \u00bb, l\u2019\u00e9v\u00e9nement a \u00e9t\u00e9 marqu\u00e9 par des panels th\u00e9matiques, des rencontres institutionnelles, des rencontres B2B, des visites industrielles, des visites de municipalit\u00e9s et un volet touristique.<\/p><p>Le Forum a permis de renforcer les ponts \u00e9conomiques, technologiques et humains entre le Cameroun et le Canada. Les secteurs prioritaires identifi\u00e9s incluent le secteur portuaire, les infrastructures, l\u2019agro-industrie, les \u00e9nergies renouvelables, la transformation num\u00e9rique, la finance inclusive des startups et les municipalit\u00e9s.<\/p><p>Une attention particuli\u00e8re a \u00e9t\u00e9 accord\u00e9e \u00e0 l\u2019implication de la diaspora camerounaise dans le d\u00e9veloppement \u00e9conomique de son pays d\u2019origine, notamment \u00e0 travers un panel de discussion portant sur les enjeux \u00e9conomiques de la double nationalit\u00e9.<\/p><p>Parmi les recommandations cl\u00e9s : la proposition d\u2019un guichet unique pour l\u2019investissement foncier de la diaspora, l\u2019\u00e9tablissement d\u2019un m\u00e9canisme de suivi des partenariats issus du Forum, la mise en place d\u2019un fonds de soutien \u00e0 la co-innovation, et la n\u00e9cessit\u00e9 d\u2019un approvisionnement \u00e9nerg\u00e9tique permanent pour attirer des implantations d\u2019entreprises canadiennes au Cameroun.<\/p><p>Ce Forum a pos\u00e9 les bases d\u2019un partenariat strat\u00e9gique renouvel\u00e9 entre le Cameroun et le Canada, fond\u00e9 sur le respect mutuel, la compl\u00e9mentarit\u00e9 \u00e9conomique et la co-construction de solutions innovantes au service du d\u00e9veloppement durable.<\/p>\t\t\t\t\t\t\t\t<\/div>\n\t\t\t\t<\/div>\n\t\t\t\t<\/div>\n\t\t<div class=\"elementor-element elementor-element-59d6371 e-con-full e-flex e-con e-child\" data-id=\"59d6371\" data-element_type=\"container\" data-e-type=\"container\">\n\t\t\t\t<div class=\"elementor-element elementor-element-1cfe85f elementor-widget elementor-widget-button\" data-id=\"1cfe85f\" data-element_type=\"widget\" data-e-type=\"widget\" data-widget_type=\"button.default\">\n\t\t\t\t<div class=\"elementor-widget-container\">\n\t\t\t\t\t\t\t\t\t<div class=\"elementor-button-wrapper\">\n\t\t\t\t\t<a class=\"elementor-button elementor-button-link elementor-size-sm\" href=\"https:\/\/forecicc.com\/wp-content\/uploads\/2025\/12\/RAPPORT-FINAL-FORECICC2025-VERSION2.pdf\">\n\t\t\t\t\t\t<span class=\"elementor-button-content-wrapper\">\n\t\t\t\t\t\t\t\t\t<span class=\"elementor-button-text\">T\u00e9l\u00e9charger le rapport complet du FORECICC 2025<\/span>\n\t\t\t\t\t<\/span>\n\t\t\t\t\t<\/a>\n\t\t\t\t<\/div>\n\t\t\t\t\t\t\t\t<\/div>\n\t\t\t\t<\/div>\n\t\t\t\t<\/div>\n\t\t\t\t<\/div>\n\t\t\t\t<\/div>\n\t\t<div class=\"elementor-element elementor-element-cc5c220 e-con-full e-flex e-con e-child\" data-id=\"cc5c220\" data-element_type=\"container\" data-e-type=\"container\">\n\t\t<div class=\"elementor-element elementor-element-8ac442a e-con-full e-flex e-con e-child\" data-id=\"8ac442a\" data-element_type=\"container\" data-e-type=\"container\">\n\t\t\t\t<div class=\"elementor-element elementor-element-c839be5 elementor-widget elementor-widget-heading\" data-id=\"c839be5\" data-element_type=\"widget\" data-e-type=\"widget\" data-widget_type=\"heading.default\">\n\t\t\t\t<div class=\"elementor-widget-container\">\n\t\t\t\t\t<h2 class=\"elementor-heading-title elementor-size-default\">RE\u0301SULTATS ET ANALYSE DU SONDAGE FORECICC2025<\/h2>\t\t\t\t<\/div>\n\t\t\t\t<\/div>\n\t\t\t\t<\/div>\n\t\t<div class=\"elementor-element elementor-element-95d57b5 e-con-full e-flex e-con e-child\" data-id=\"95d57b5\" data-element_type=\"container\" data-e-type=\"container\">\n\t\t<div class=\"elementor-element elementor-element-da6b131 e-con-full e-flex e-con e-child\" data-id=\"da6b131\" data-element_type=\"container\" data-e-type=\"container\" data-settings=\"{&quot;background_background&quot;:&quot;classic&quot;}\">\n\t\t\t\t<div class=\"elementor-element elementor-element-491f1c2 elementor-widget elementor-widget-text-editor\" data-id=\"491f1c2\" data-element_type=\"widget\" data-e-type=\"widget\" data-widget_type=\"text-editor.default\">\n\t\t\t\t<div class=\"elementor-widget-container\">\n\t\t\t\t\t\t\t\t\t<p>Demandes envoy\u00e9s : 200<br \/>R\u00e9ponses re\u00e7ues: 50<br \/>Taux de r\u00e9ponse: 25%<br \/>P\u00e9riode: 17 au 27 Juin 2025<\/p>\t\t\t\t\t\t\t\t<\/div>\n\t\t\t\t<\/div>\n\t\t\t\t<\/div>\n\t\t<div class=\"elementor-element elementor-element-f2f8d46 e-con-full e-flex e-con e-child\" data-id=\"f2f8d46\" data-element_type=\"container\" data-e-type=\"container\">\n\t\t\t\t<div class=\"elementor-element elementor-element-82e3e65 elementor-widget elementor-widget-button\" data-id=\"82e3e65\" data-element_type=\"widget\" data-e-type=\"widget\" data-widget_type=\"button.default\">\n\t\t\t\t<div class=\"elementor-widget-container\">\n\t\t\t\t\t\t\t\t\t<div class=\"elementor-button-wrapper\">\n\t\t\t\t\t<a class=\"elementor-button elementor-button-link elementor-size-sm\" href=\"https:\/\/forecicc.com\/wp-content\/uploads\/2025\/12\/RESULTATS-ET-ANALYSE-DU-SONDAGE-FORECICC2025.pdf\">\n\t\t\t\t\t\t<span class=\"elementor-button-content-wrapper\">\n\t\t\t\t\t\t\t\t\t<span class=\"elementor-button-text\">T\u00e9l\u00e9charger le document complet des r\u00e9sultats du sondage du FORECICC 2025<\/span>\n\t\t\t\t\t<\/span>\n\t\t\t\t\t<\/a>\n\t\t\t\t<\/div>\n\t\t\t\t\t\t\t\t<\/div>\n\t\t\t\t<\/div>\n\t\t\t\t<\/div>\n\t\t\t\t<\/div>\n\t\t\t\t<\/div>\n\t\t\t\t\t<\/div>\n\t\t\t\t<\/div>\n\t\t\t\t<\/div>","protected":false},"excerpt":{"rendered":"<p>ARCHIVES RAPPORT FINAL FORECICC 2025 Le Forum \u00e9conomique international Cameroun-Canada 2025, tenu du 9 au 17 juin \u00e0 Montr\u00e9al, Ottawa et Toronto, a rassembl\u00e9 environ 300 participants issus des milieux institutionnels, \u00e9conomiques, acad\u00e9miques et associatifs des deux pays. Plac\u00e9 sous le th\u00e8me \u00ab Synergies \u00e9conomiques et opportunit\u00e9s d\u2019investissement entre le Cameroun et le Canada \u00bb, [&hellip;]<\/p>","protected":false},"author":1,"featured_media":0,"parent":0,"menu_order":0,"comment_status":"closed","ping_status":"closed","template":"","meta":{"_uag_custom_page_level_css":"","footnotes":""},"class_list":["post-1632","page","type-page","status-publish","hentry"],"aioseo_notices":[],"yoast_head":"<!-- This site is optimized with the Yoast SEO plugin v24.3 - https:\/\/yoast.com\/wordpress\/plugins\/seo\/ -->\n<title>Archives - FORECICC<\/title>\n<meta name=\"robots\" content=\"index, follow, max-snippet:-1, max-image-preview:large, max-video-preview:-1\" \/>\n<link rel=\"canonical\" href=\"https:\/\/forecicc.com\/en\/archives\/\" \/>\n<meta property=\"og:locale\" content=\"en_US\" \/>\n<meta property=\"og:type\" content=\"article\" \/>\n<meta property=\"og:title\" content=\"Archives - FORECICC\" \/>\n<meta property=\"og:description\" content=\"ARCHIVES RAPPORT FINAL FORECICC 2025 Le Forum \u00e9conomique international Cameroun-Canada 2025, tenu du 9 au 17 juin \u00e0 Montr\u00e9al, Ottawa et Toronto, a rassembl\u00e9 environ 300 participants issus des milieux institutionnels, \u00e9conomiques, acad\u00e9miques et associatifs des deux pays. Plac\u00e9 sous le th\u00e8me \u00ab Synergies \u00e9conomiques et opportunit\u00e9s d\u2019investissement entre le Cameroun et le Canada \u00bb, [&hellip;]\" \/>\n<meta property=\"og:url\" content=\"https:\/\/forecicc.com\/en\/archives\/\" \/>\n<meta property=\"og:site_name\" content=\"FORECICC\" \/>\n<meta property=\"article:modified_time\" content=\"2025-12-02T01:17:52+00:00\" \/>\n<meta name=\"twitter:card\" content=\"summary_large_image\" \/>\n<meta name=\"twitter:label1\" content=\"Est. reading time\" \/>\n\t<meta name=\"twitter:data1\" content=\"2 minutes\" \/>\n<script type=\"application\/ld+json\" class=\"yoast-schema-graph\">{\"@context\":\"https:\/\/schema.org\",\"@graph\":[{\"@type\":\"WebPage\",\"@id\":\"https:\/\/forecicc.com\/archives\/\",\"url\":\"https:\/\/forecicc.com\/archives\/\",\"name\":\"Archives - FORECICC\",\"isPartOf\":{\"@id\":\"https:\/\/forecicc.com\/#website\"},\"datePublished\":\"2025-12-02T00:54:09+00:00\",\"dateModified\":\"2025-12-02T01:17:52+00:00\",\"breadcrumb\":{\"@id\":\"https:\/\/forecicc.com\/archives\/#breadcrumb\"},\"inLanguage\":\"en-US\",\"potentialAction\":[{\"@type\":\"ReadAction\",\"target\":[\"https:\/\/forecicc.com\/archives\/\"]}]},{\"@type\":\"BreadcrumbList\",\"@id\":\"https:\/\/forecicc.com\/archives\/#breadcrumb\",\"itemListElement\":[{\"@type\":\"ListItem\",\"position\":1,\"name\":\"Home\",\"item\":\"https:\/\/forecicc.com\/\"},{\"@type\":\"ListItem\",\"position\":2,\"name\":\"Archives\"}]},{\"@type\":\"WebSite\",\"@id\":\"https:\/\/forecicc.com\/#website\",\"url\":\"https:\/\/forecicc.com\/\",\"name\":\"FORECICC\",\"description\":\"FORUM \u00c9CONOMIQUE INTERNATIONAL CAMEROUN-CANADA\",\"publisher\":{\"@id\":\"https:\/\/forecicc.com\/#organization\"},\"potentialAction\":[{\"@type\":\"SearchAction\",\"target\":{\"@type\":\"EntryPoint\",\"urlTemplate\":\"https:\/\/forecicc.com\/?s={search_term_string}\"},\"query-input\":{\"@type\":\"PropertyValueSpecification\",\"valueRequired\":true,\"valueName\":\"search_term_string\"}}],\"inLanguage\":\"en-US\"},{\"@type\":\"Organization\",\"@id\":\"https:\/\/forecicc.com\/#organization\",\"name\":\"FORECICC\",\"url\":\"https:\/\/forecicc.com\/\",\"logo\":{\"@type\":\"ImageObject\",\"inLanguage\":\"en-US\",\"@id\":\"https:\/\/forecicc.com\/#\/schema\/logo\/image\/\",\"url\":\"https:\/\/forecicc.com\/wp-content\/uploads\/2024\/12\/cropped-1_LOGO_FORUM_BLACK_FR-Sans-fond-Croped.png\",\"contentUrl\":\"https:\/\/forecicc.com\/wp-content\/uploads\/2024\/12\/cropped-1_LOGO_FORUM_BLACK_FR-Sans-fond-Croped.png\",\"width\":301,\"height\":314,\"caption\":\"FORECICC\"},\"image\":{\"@id\":\"https:\/\/forecicc.com\/#\/schema\/logo\/image\/\"}}]}<\/script>\n<!-- \/ Yoast SEO plugin. -->","yoast_head_json":{"title":"Archives - FORECICC","robots":{"index":"index","follow":"follow","max-snippet":"max-snippet:-1","max-image-preview":"max-image-preview:large","max-video-preview":"max-video-preview:-1"},"canonical":"https:\/\/forecicc.com\/en\/archives\/","og_locale":"en_US","og_type":"article","og_title":"Archives - FORECICC","og_description":"ARCHIVES RAPPORT FINAL FORECICC 2025 Le Forum \u00e9conomique international Cameroun-Canada 2025, tenu du 9 au 17 juin \u00e0 Montr\u00e9al, Ottawa et Toronto, a rassembl\u00e9 environ 300 participants issus des milieux institutionnels, \u00e9conomiques, acad\u00e9miques et associatifs des deux pays. Plac\u00e9 sous le th\u00e8me \u00ab Synergies \u00e9conomiques et opportunit\u00e9s d\u2019investissement entre le Cameroun et le Canada \u00bb, [&hellip;]","og_url":"https:\/\/forecicc.com\/en\/archives\/","og_site_name":"FORECICC","article_modified_time":"2025-12-02T01:17:52+00:00","twitter_card":"summary_large_image","twitter_misc":{"Est. reading time":"2 minutes"},"schema":{"@context":"https:\/\/schema.org","@graph":[{"@type":"WebPage","@id":"https:\/\/forecicc.com\/archives\/","url":"https:\/\/forecicc.com\/archives\/","name":"Archives - FORECICC","isPartOf":{"@id":"https:\/\/forecicc.com\/#website"},"datePublished":"2025-12-02T00:54:09+00:00","dateModified":"2025-12-02T01:17:52+00:00","breadcrumb":{"@id":"https:\/\/forecicc.com\/archives\/#breadcrumb"},"inLanguage":"en-US","potentialAction":[{"@type":"ReadAction","target":["https:\/\/forecicc.com\/archives\/"]}]},{"@type":"BreadcrumbList","@id":"https:\/\/forecicc.com\/archives\/#breadcrumb","itemListElement":[{"@type":"ListItem","position":1,"name":"Home","item":"https:\/\/forecicc.com\/"},{"@type":"ListItem","position":2,"name":"Archives"}]},{"@type":"WebSite","@id":"https:\/\/forecicc.com\/#website","url":"https:\/\/forecicc.com\/","name":"FORECICC","description":"INTERNATIONAL ECONOMIC FORUM CAMEROON-CANADA","publisher":{"@id":"https:\/\/forecicc.com\/#organization"},"potentialAction":[{"@type":"SearchAction","target":{"@type":"EntryPoint","urlTemplate":"https:\/\/forecicc.com\/?s={search_term_string}"},"query-input":{"@type":"PropertyValueSpecification","valueRequired":true,"valueName":"search_term_string"}}],"inLanguage":"en-US"},{"@type":"Organization","@id":"https:\/\/forecicc.com\/#organization","name":"FORECICC","url":"https:\/\/forecicc.com\/","logo":{"@type":"ImageObject","inLanguage":"en-US","@id":"https:\/\/forecicc.com\/#\/schema\/logo\/image\/","url":"https:\/\/forecicc.com\/wp-content\/uploads\/2024\/12\/cropped-1_LOGO_FORUM_BLACK_FR-Sans-fond-Croped.png","contentUrl":"https:\/\/forecicc.com\/wp-content\/uploads\/2024\/12\/cropped-1_LOGO_FORUM_BLACK_FR-Sans-fond-Croped.png","width":301,"height":314,"caption":"FORECICC"},"image":{"@id":"https:\/\/forecicc.com\/#\/schema\/logo\/image\/"}}]}},"uagb_featured_image_src":{"full":false,"thumbnail":false,"medium":false,"medium_large":false,"large":false,"1536x1536":false,"2048x2048":false,"trp-custom-language-flag":false,"depicter-thumbnail":false},"uagb_author_info":{"display_name":"katenkongo@gmail.com","author_link":"https:\/\/forecicc.com\/en\/author\/katenkongogmail-com\/"},"uagb_comment_info":0,"uagb_excerpt":"ARCHIVES RAPPORT FINAL FORECICC 2025 Le Forum \u00e9conomique international Cameroun-Canada 2025, tenu du 9 au 17 juin \u00e0 Montr\u00e9al, Ottawa et Toronto, a rassembl\u00e9 environ 300 participants issus des milieux institutionnels, \u00e9conomiques, acad\u00e9miques et associatifs des deux pays. Plac\u00e9 sous le th\u00e8me \u00ab Synergies \u00e9conomiques et opportunit\u00e9s d\u2019investissement entre le Cameroun et le Canada \u00bb,&hellip;","_links":{"self":[{"href":"https:\/\/forecicc.com\/en\/wp-json\/wp\/v2\/pages\/1632","targetHints":{"allow":["GET"]}}],"collection":[{"href":"https:\/\/forecicc.com\/en\/wp-json\/wp\/v2\/pages"}],"about":[{"href":"https:\/\/forecicc.com\/en\/wp-json\/wp\/v2\/types\/page"}],"author":[{"embeddable":true,"href":"https:\/\/forecicc.com\/en\/wp-json\/wp\/v2\/users\/1"}],"replies":[{"embeddable":true,"href":"https:\/\/forecicc.com\/en\/wp-json\/wp\/v2\/comments?post=1632"}],"version-history":[{"count":10,"href":"https:\/\/forecicc.com\/en\/wp-json\/wp\/v2\/pages\/1632\/revisions"}],"predecessor-version":[{"id":1646,"href":"https:\/\/forecicc.com\/en\/wp-json\/wp\/v2\/pages\/1632\/revisions\/1646"}],"wp:attachment":[{"href":"https:\/\/forecicc.com\/en\/wp-json\/wp\/v2\/media?parent=1632"}],"curies":[{"name":"wp","href":"https:\/\/api.w.org\/{rel}","templated":true}]}}